{"id":5468,"date":"2018-01-24T13:31:51","date_gmt":"2018-01-24T10:31:51","guid":{"rendered":"http:\/\/www.vakifcan.com\/?page_id=5468"},"modified":"2026-04-15T08:28:02","modified_gmt":"2026-04-15T05:28:02","slug":"atakent-egitim-kadrosu","status":"publish","type":"page","link":"https:\/\/www.vakifcan.com\/index.php\/atakent-egitim-kadrosu\/","title":{"rendered":"Atakent E\u011fitim Kadrosu"},"content":{"rendered":"<p>[vc_row full_width=&#8221;stretch_row&#8221; parallax=&#8221;content-moving&#8221; parallax_image=&#8221;4501&#8243; parallax_speed_bg=&#8221;3&#8243; css=&#8221;.vc_custom_1516360126281{margin-top: -50px !important;padding-top: 200px !important;}&#8221;][vc_column css=&#8221;.vc_custom_1516692513357{padding-top: 0px !important;padding-bottom: 80px !important;}&#8221; offset=&#8221;vc_col-lg-12 vc_col-md-12 vc_col-xs-12&#8243;][\/vc_column][\/vc_row][vc_row][vc_column][vc_empty_space height=&#8221;40px&#8221;]<h2 style=\"color:;\" class=\" ztl-accent-font ztl-center ztl-font-normal\">ATAKENT E\u011e\u0130T\u0130M KADROMUZ<\/h2><p style=\"color:;\" class=\" ztl-main-font ztl-center ztl-font-normal\">...<\/p><div class=\"ztl-divider  center primary \">\r\n                <span style=\"border-color:; \" class=\"circle\">\r\n                    <span style=\"background-color:; \"><\/span>\r\n                    <span style=\"background-color:; \"><\/span>\r\n                <\/span>\r\n            <\/div>[vc_empty_space height=&#8221;60px&#8221;][\/vc_column][\/vc_row][vc_row][vc_column width=&#8221;1\/4&#8243;][vc_single_image image=&#8221;6571&#8243; img_size=&#8221;200&#215;300&#8243; alignment=&#8221;center&#8221;]<h4 style=\"color:;\" class=\"ztl-mobile-center ztl-accent-font ztl-center ztl-font-normal\">\u00c7i\u011fdem Demir\u00f6z<\/h4><h5 style=\"color:;\" class=\"ztl-mobile-center ztl-accent-font ztl-center ztl-font-normal\">Anaokulu \u00d6\u011fretmeni<\/h5><h6 style=\"color:;\" class=\"ztl-mobile-center ztl-accent-font ztl-center ztl-font-normal\">2007 y\u0131l\u0131ndan beri Vak\u0131fcan Ailesindedir.<\/h6>[vc_empty_space height=&#8221;30px&#8221;][\/vc_column][vc_column width=&#8221;1\/4&#8243;][vc_single_image image=&#8221;6572&#8243; img_size=&#8221;200&#215;300&#8243; alignment=&#8221;center&#8221;]<h4 style=\"color:;\" class=\"ztl-mobile-center ztl-accent-font ztl-center ztl-font-normal\">Ba\u015fak Bodurlar<\/h4><h5 style=\"color:;\" class=\"ztl-mobile-center ztl-accent-font ztl-center ztl-font-normal\">Anaokulu \u00d6\u011fretmeni<\/h5><h6 style=\"color:;\" class=\"ztl-mobile-center ztl-accent-font ztl-center ztl-font-normal\">2013 y\u0131l\u0131ndan beri Vak\u0131fcan Ailesindedir.<\/h6>[vc_empty_space height=&#8221;30px&#8221;][\/vc_column][vc_column width=&#8221;1\/4&#8243;][vc_single_image image=&#8221;6573&#8243; img_size=&#8221;200&#215;300&#8243; alignment=&#8221;center&#8221;]<h4 style=\"color:;\" class=\"ztl-mobile-center ztl-accent-font ztl-center ztl-font-normal\">Eda Eskici Avni<\/h4><h5 style=\"color:;\" class=\"ztl-mobile-center ztl-accent-font ztl-center ztl-font-normal\">Anaokulu \u00d6\u011fretmeni<\/h5><h6 style=\"color:;\" class=\"ztl-mobile-center ztl-accent-font ztl-center ztl-font-normal\">2014 y\u0131l\u0131ndan beri Vak\u0131fcan Ailesindedir.<\/h6>[vc_empty_space height=&#8221;30px&#8221;][\/vc_column][vc_column width=&#8221;1\/4&#8243;][vc_single_image image=&#8221;6574&#8243; img_size=&#8221;200&#215;300&#8243; alignment=&#8221;center&#8221;]<h4 style=\"color:;\" class=\"ztl-mobile-center ztl-accent-font ztl-center ztl-font-normal\">\u0130lknur Tuhan<\/h4><h5 style=\"color:;\" class=\"ztl-mobile-center ztl-accent-font ztl-center ztl-font-normal\">Anaokulu \u00d6\u011fretmeni<\/h5><h6 style=\"color:;\" class=\"ztl-mobile-center ztl-accent-font ztl-center ztl-font-normal\">2014 y\u0131l\u0131ndan beri Vak\u0131fcan Ailesindedir.<\/h6>[vc_empty_space height=&#8221;30px&#8221;][\/vc_column][\/vc_row][vc_row][vc_column width=&#8221;1\/4&#8243;][vc_single_image image=&#8221;6575&#8243; img_size=&#8221;200&#215;300&#8243; alignment=&#8221;center&#8221;]<h4 style=\"color:;\" class=\"ztl-mobile-center ztl-accent-font ztl-center ztl-font-normal\">Nimet \u0130lhan<\/h4><h5 style=\"color:;\" class=\"ztl-mobile-center ztl-accent-font ztl-center ztl-font-normal\">Anaokulu \u00d6\u011fretmeni<\/h5><h6 style=\"color:;\" class=\"ztl-mobile-center ztl-accent-font ztl-center ztl-font-normal\">2017 y\u0131l\u0131ndan beri Vak\u0131fcan Ailesindedir.<\/h6>[vc_empty_space height=&#8221;30px&#8221;][\/vc_column][vc_column width=&#8221;1\/4&#8243;][vc_single_image image=&#8221;6236&#8243; img_size=&#8221;200&#215;300&#8243; alignment=&#8221;center&#8221;]<h4 style=\"color:;\" class=\"ztl-mobile-center ztl-accent-font ztl-center ztl-font-normal\">Ay\u015fe Bozo\u011flu \u015eent\u00fcrk<\/h4><h5 style=\"color:;\" class=\"ztl-mobile-center ztl-accent-font ztl-center ztl-font-normal\">Anaokulu \u00d6\u011fretmeni<\/h5><h6 style=\"color:;\" class=\"ztl-mobile-center ztl-accent-font ztl-center ztl-font-normal\">2015 y\u0131l\u0131ndan beri Vak\u0131fcan Ailesindedir.<\/h6>[vc_empty_space height=&#8221;30px&#8221;][\/vc_column][vc_column width=&#8221;1\/4&#8243;][vc_single_image image=&#8221;6577&#8243; img_size=&#8221;200&#215;300&#8243; alignment=&#8221;center&#8221;]<h4 style=\"color:;\" class=\"ztl-mobile-center ztl-accent-font ztl-center ztl-font-normal\">Rabia H\u0131d<\/h4><h5 style=\"color:;\" class=\"ztl-mobile-center ztl-accent-font ztl-center ztl-font-normal\">Anaokulu \u00d6\u011fretmeni<\/h5><h6 style=\"color:;\" class=\"ztl-mobile-center ztl-accent-font ztl-center ztl-font-normal\">2022 y\u0131l\u0131ndan beri Vak\u0131fcan Ailesindedir.<\/h6>[vc_empty_space height=&#8221;30px&#8221;][\/vc_column][vc_column width=&#8221;1\/4&#8243;][vc_single_image image=&#8221;6413&#8243; img_size=&#8221;200&#215;300&#8243; alignment=&#8221;center&#8221;]<h4 style=\"color:;\" class=\"ztl-mobile-center ztl-accent-font ztl-center ztl-font-normal\">Bet\u00fcl \u015eahin<\/h4><h5 style=\"color:;\" class=\"ztl-mobile-center ztl-accent-font ztl-center ztl-font-normal\">Beden E\u011fitimi \u00d6\u011fretmeni<\/h5><h6 style=\"color:;\" class=\"ztl-mobile-center ztl-accent-font ztl-center ztl-font-normal\">2023 y\u0131l\u0131ndan beri Vak\u0131fcan Ailesindedir.<\/h6>[vc_empty_space height=&#8221;30px&#8221;][\/vc_column][\/vc_row][vc_row][vc_column width=&#8221;1\/4&#8243;][vc_single_image image=&#8221;6578&#8243; img_size=&#8221;200&#215;300&#8243; alignment=&#8221;center&#8221;]<h4 style=\"color:;\" class=\"ztl-mobile-center ztl-accent-font ztl-center ztl-font-normal\">Dilara Ak\u00e7\u0131nar<\/h4><h5 style=\"color:;\" class=\"ztl-mobile-center ztl-accent-font ztl-center ztl-font-normal\">Anaokulu \u00d6\u011fretmeni<\/h5><h6 style=\"color:;\" class=\"ztl-mobile-center ztl-accent-font ztl-center ztl-font-normal\">2023 y\u0131l\u0131ndan beri Vak\u0131fcan Ailesindedir.<\/h6>[vc_empty_space height=&#8221;30px&#8221;][\/vc_column][vc_column width=&#8221;1\/4&#8243;][vc_single_image image=&#8221;6337&#8243; img_size=&#8221;200&#215;300&#8243; alignment=&#8221;center&#8221;]<h4 style=\"color:;\" class=\"ztl-mobile-center ztl-accent-font ztl-center ztl-font-normal\">Gamze Hilal Ayg\u00fcn<\/h4><h5 style=\"color:;\" class=\"ztl-mobile-center ztl-accent-font ztl-center ztl-font-normal\">Rehberlik \u00d6\u011fretmeni<\/h5><h6 style=\"color:;\" class=\"ztl-mobile-center ztl-accent-font ztl-center ztl-font-normal\">2024 y\u0131l\u0131ndan beri Vak\u0131fcan Ailesindedir.<\/h6>[vc_empty_space height=&#8221;30px&#8221;][\/vc_column][vc_column width=&#8221;1\/4&#8243;][vc_empty_space height=&#8221;30px&#8221;][\/vc_column][\/vc_row][vc_row][vc_column][vc_separator color=&#8221;orange&#8221; border_width=&#8221;2&#8243;][\/vc_column][\/vc_row][vc_row][vc_column][\/vc_column][\/vc_row]<\/p>\n","protected":false},"excerpt":{"rendered":"<p>[vc_row full_width=&#8221;stretch_row&#8221; parallax=&#8221;content-moving&#8221; parallax_image=&#8221;4501&#8243; parallax_speed_bg=&#8221;3&#8243; css=&#8221;.vc_custom_1516360126281{margin-top: -50px !important;padding-top: 200px !important;}&#8221;][vc_column css=&#8221;.vc_custom_1516692513357{padding-top: 0px !important;padding-bottom: 80px !important;}&#8221; offset=&#8221;vc_col-lg-12 vc_col-md-12 vc_col-xs-12&#8243;][\/vc_column][\/vc_row][vc_row][vc_column][vc_empty_space height=&#8221;40px&#8221;][vc_empty_space height=&#8221;60px&#8221;][\/vc_column][\/vc_row][vc_row][vc_column width=&#8221;1\/4&#8243;][vc_single_image image=&#8221;6571&#8243; img_size=&#8221;200&#215;300&#8243; alignment=&#8221;center&#8221;][vc_empty_space height=&#8221;30px&#8221;][\/vc_column][vc_column width=&#8221;1\/4&#8243;][vc_single_image image=&#8221;6572&#8243; img_size=&#8221;200&#215;300&#8243; alignment=&#8221;center&#8221;][vc_empty_space height=&#8221;30px&#8221;][\/vc_column][vc_column width=&#8221;1\/4&#8243;][vc_single_image image=&#8221;6573&#8243; img_size=&#8221;200&#215;300&#8243; alignment=&#8221;center&#8221;][vc_empty_space height=&#8221;30px&#8221;][\/vc_column][vc_column width=&#8221;1\/4&#8243;][vc_single_image image=&#8221;6574&#8243; img_size=&#8221;200&#215;300&#8243; alignment=&#8221;center&#8221;][vc_empty_space height=&#8221;30px&#8221;][\/vc_column][\/vc_row][vc_row][vc_column width=&#8221;1\/4&#8243;][vc_single_image image=&#8221;6575&#8243; img_size=&#8221;200&#215;300&#8243; alignment=&#8221;center&#8221;][vc_empty_space height=&#8221;30px&#8221;][\/vc_column][vc_column width=&#8221;1\/4&#8243;][vc_single_image image=&#8221;6236&#8243; img_size=&#8221;200&#215;300&#8243; alignment=&#8221;center&#8221;][vc_empty_space height=&#8221;30px&#8221;][\/vc_column][vc_column width=&#8221;1\/4&#8243;][vc_single_image image=&#8221;6577&#8243; img_size=&#8221;200&#215;300&#8243; alignment=&#8221;center&#8221;][vc_empty_space height=&#8221;30px&#8221;][\/vc_column][vc_column [&hellip;]<\/p>\n","protected":false},"author":1,"featured_media":0,"parent":0,"menu_order":0,"comment_status":"closed","ping_status":"closed","template":"","meta":{"footnotes":""},"class_list":["post-5468","page","type-page","status-publish","hentry"],"aioseo_notices":[],"_links":{"self":[{"href":"https:\/\/www.vakifcan.com\/index.php\/wp-json\/wp\/v2\/pages\/5468","targetHints":{"allow":["GET"]}}],"collection":[{"href":"https:\/\/www.vakifcan.com\/index.php\/wp-json\/wp\/v2\/pages"}],"about":[{"href":"https:\/\/www.vakifcan.com\/index.php\/wp-json\/wp\/v2\/types\/page"}],"author":[{"embeddable":true,"href":"https:\/\/www.vakifcan.com\/index.php\/wp-json\/wp\/v2\/users\/1"}],"replies":[{"embeddable":true,"href":"https:\/\/www.vakifcan.com\/index.php\/wp-json\/wp\/v2\/comments?post=5468"}],"version-history":[{"count":46,"href":"https:\/\/www.vakifcan.com\/index.php\/wp-json\/wp\/v2\/pages\/5468\/revisions"}],"predecessor-version":[{"id":6582,"href":"https:\/\/www.vakifcan.com\/index.php\/wp-json\/wp\/v2\/pages\/5468\/revisions\/6582"}],"wp:attachment":[{"href":"https:\/\/www.vakifcan.com\/index.php\/wp-json\/wp\/v2\/media?parent=5468"}],"curies":[{"name":"wp","href":"https:\/\/api.w.org\/{rel}","templated":true}]}}