{"id":5441,"date":"2018-01-24T10:36:01","date_gmt":"2018-01-24T07:36:01","guid":{"rendered":"http:\/\/www.vakifcan.com\/?page_id=5441"},"modified":"2025-12-16T11:28:56","modified_gmt":"2025-12-16T08:28:56","slug":"yesilkoy-ogretmen-kadrosu","status":"publish","type":"page","link":"https:\/\/www.vakifcan.com\/index.php\/yesilkoy-ogretmen-kadrosu\/","title":{"rendered":"Ye\u015filk\u00f6y \u00d6\u011fretmen Kadrosu"},"content":{"rendered":"<p>[vc_row full_width=&#8221;stretch_row&#8221; parallax=&#8221;content-moving&#8221; parallax_image=&#8221;4501&#8243; parallax_speed_bg=&#8221;3&#8243; css=&#8221;.vc_custom_1516360126281{margin-top: -50px !important;padding-top: 200px !important;}&#8221;][vc_column css=&#8221;.vc_custom_1516692513357{padding-top: 0px !important;padding-bottom: 80px !important;}&#8221; offset=&#8221;vc_col-lg-12 vc_col-md-12 vc_col-xs-12&#8243;][\/vc_column][\/vc_row][vc_row][vc_column][vc_empty_space height=&#8221;40px&#8221;]<h2 style=\"color:;\" class=\" ztl-accent-font ztl-center ztl-font-normal\">YE\u015e\u0130LK\u00d6Y E\u011e\u0130T\u0130M KADROMUZ<\/h2><p style=\"color:;\" class=\" ztl-main-font ztl-center ztl-font-normal\">...<\/p><div class=\"ztl-divider  center primary \">\r\n                <span style=\"border-color:; \" class=\"circle\">\r\n                    <span style=\"background-color:; \"><\/span>\r\n                    <span style=\"background-color:; \"><\/span>\r\n                <\/span>\r\n            <\/div>[vc_empty_space height=&#8221;60px&#8221;][\/vc_column][\/vc_row][vc_row][vc_column width=&#8221;1\/4&#8243;][vc_single_image image=&#8221;6165&#8243; img_size=&#8221;200&#215;300&#8243; alignment=&#8221;center&#8221;]<h4 style=\"color:;\" class=\"ztl-mobile-center ztl-accent-font ztl-center ztl-font-normal\">Didem Ko\u00e7uk<\/h4><h5 style=\"color:;\" class=\"ztl-mobile-center ztl-accent-font ztl-center ztl-font-normal\">Anaokulu \u00d6\u011fretmeni<\/h5><h6 style=\"color:;\" class=\"ztl-mobile-center ztl-accent-font ztl-center ztl-font-normal\">2012 y\u0131l\u0131ndan beri Vak\u0131fcan Ailesindedir.<\/h6>[vc_empty_space height=&#8221;30px&#8221;][\/vc_column][vc_column width=&#8221;1\/4&#8243;][vc_single_image image=&#8221;5457&#8243; img_size=&#8221;200&#215;300&#8243; alignment=&#8221;center&#8221;]<h4 style=\"color:;\" class=\"ztl-mobile-center ztl-accent-font ztl-center ztl-font-normal\">Yasemin \u00d6zt\u00fcrk<\/h4><h5 style=\"color:;\" class=\"ztl-mobile-center ztl-accent-font ztl-center ztl-font-normal\">Anaokulu \u00d6\u011fretmeni<\/h5><h6 style=\"color:;\" class=\"ztl-mobile-center ztl-accent-font ztl-center ztl-font-normal\">1996 y\u0131l\u0131ndan beri Vak\u0131fcan Ailesindedir.<\/h6>[vc_empty_space height=&#8221;30px&#8221;][\/vc_column][vc_column width=&#8221;1\/4&#8243;][vc_single_image image=&#8221;6167&#8243; img_size=&#8221;200&#215;300&#8243; alignment=&#8221;center&#8221;]<h4 style=\"color:;\" class=\"ztl-mobile-center ztl-accent-font ztl-center ztl-font-normal\">Didem Ball\u0131<\/h4><h5 style=\"color:;\" class=\"ztl-mobile-center ztl-accent-font ztl-center ztl-font-normal\">Anaokulu \u00d6\u011fretmeni<\/h5><h6 style=\"color:;\" class=\"ztl-mobile-center ztl-accent-font ztl-center ztl-font-normal\">2011 y\u0131l\u0131ndan beri Vak\u0131fcan Ailesindedir.<\/h6>[vc_empty_space height=&#8221;30px&#8221;][\/vc_column][vc_column width=&#8221;1\/4&#8243;][vc_single_image image=&#8221;6183&#8243; img_size=&#8221;200&#215;300&#8243; alignment=&#8221;center&#8221;]<h4 style=\"color:;\" class=\"ztl-mobile-center ztl-accent-font ztl-center ztl-font-normal\">\u0130saf Dokg\u00f6z<\/h4><h5 style=\"color:;\" class=\"ztl-mobile-center ztl-accent-font ztl-center ztl-font-normal\">Anaokulu \u00d6\u011fretmeni<\/h5><h6 style=\"color:;\" class=\"ztl-mobile-center ztl-accent-font ztl-center ztl-font-normal\">2013 y\u0131l\u0131ndan beri Vak\u0131fcan Ailesindedir.<\/h6>[vc_empty_space height=&#8221;30px&#8221;][\/vc_column][\/vc_row][vc_row][vc_column width=&#8221;1\/4&#8243;][vc_single_image image=&#8221;6171&#8243; img_size=&#8221;200&#215;300&#8243; alignment=&#8221;center&#8221;]<h4 style=\"color:;\" class=\"ztl-mobile-center ztl-accent-font ztl-center ztl-font-normal\">Merve Dingil<\/h4><h5 style=\"color:;\" class=\"ztl-mobile-center ztl-accent-font ztl-center ztl-font-normal\">Anaokulu \u00d6\u011fretmeni<\/h5><h6 style=\"color:;\" class=\"ztl-mobile-center ztl-accent-font ztl-center ztl-font-normal\">2013y\u0131l\u0131ndan beri Vak\u0131fcan Ailesindedir.<\/h6>[vc_empty_space height=&#8221;30px&#8221;][\/vc_column][vc_column width=&#8221;1\/4&#8243;][vc_single_image image=&#8221;6174&#8243; img_size=&#8221;200&#215;300&#8243; alignment=&#8221;center&#8221;]<h4 style=\"color:;\" class=\"ztl-mobile-center ztl-accent-font ztl-center ztl-font-normal\">Cansu B\u00fcy\u00fckyolda\u015f<\/h4><h5 style=\"color:;\" class=\"ztl-mobile-center ztl-accent-font ztl-center ztl-font-normal\">Anaokulu \u00d6\u011fretmeni<\/h5><h6 style=\"color:;\" class=\"ztl-mobile-center ztl-accent-font ztl-center ztl-font-normal\">2022 y\u0131l\u0131ndan beri Vak\u0131fcan Ailesindedir.<\/h6>[vc_empty_space height=&#8221;30px&#8221;][\/vc_column][vc_column width=&#8221;1\/4&#8243;][vc_single_image image=&#8221;6173&#8243; img_size=&#8221;200&#215;300&#8243; alignment=&#8221;center&#8221;]<h4 style=\"color:;\" class=\"ztl-mobile-center ztl-accent-font ztl-center ztl-font-normal\">Tu\u011f\u00e7e Barin<\/h4><h5 style=\"color:;\" class=\"ztl-mobile-center ztl-accent-font ztl-center ztl-font-normal\">Anaokulu \u00d6\u011fretmeni<\/h5><h6 style=\"color:;\" class=\"ztl-mobile-center ztl-accent-font ztl-center ztl-font-normal\">2016 y\u0131l\u0131ndan beri Vak\u0131fcan Ailesindedir.<\/h6>[vc_empty_space height=&#8221;30px&#8221;][\/vc_column][vc_column width=&#8221;1\/4&#8243;][vc_single_image image=&#8221;6105&#8243; img_size=&#8221;200&#215;300&#8243; alignment=&#8221;center&#8221;]<h4 style=\"color:;\" class=\"ztl-mobile-center ztl-accent-font ztl-center ztl-font-normal\">Do\u011fa Alparslan<\/h4><h5 style=\"color:;\" class=\"ztl-mobile-center ztl-accent-font ztl-center ztl-font-normal\">Anaokulu \u00d6\u011fretmeni<\/h5><h6 style=\"color:;\" class=\"ztl-mobile-center ztl-accent-font ztl-center ztl-font-normal\">2025 y\u0131l\u0131ndan beri Vak\u0131fcan Ailesindedir.<\/h6>[vc_empty_space height=&#8221;30px&#8221;][\/vc_column][\/vc_row][vc_row][vc_column width=&#8221;1\/4&#8243;][vc_single_image image=&#8221;6105&#8243; img_size=&#8221;200&#215;300&#8243; alignment=&#8221;center&#8221;]<h4 style=\"color:;\" class=\"ztl-mobile-center ztl-accent-font ztl-center ztl-font-normal\">Gamze Hilal Ayg\u00fcn<\/h4><h5 style=\"color:;\" class=\"ztl-mobile-center ztl-accent-font ztl-center ztl-font-normal\">Rehberlik \u00d6\u011fretmeni<\/h5><h6 style=\"color:;\" class=\"ztl-mobile-center ztl-accent-font ztl-center ztl-font-normal\">2024 y\u0131l\u0131ndan beri Vak\u0131fcan Ailesindedir.<\/h6>[vc_empty_space height=&#8221;30px&#8221;][\/vc_column][vc_column width=&#8221;1\/4&#8243;][vc_single_image image=&#8221;6105&#8243; img_size=&#8221;200&#215;300&#8243; alignment=&#8221;center&#8221;]<h4 style=\"color:;\" class=\"ztl-mobile-center ztl-accent-font ztl-center ztl-font-normal\">\u0130lay Kaya<\/h4><h5 style=\"color:;\" class=\"ztl-mobile-center ztl-accent-font ztl-center ztl-font-normal\">Anaokulu \u00d6\u011fretmeni<\/h5><h6 style=\"color:;\" class=\"ztl-mobile-center ztl-accent-font ztl-center ztl-font-normal\">2025 y\u0131l\u0131ndan beri Vak\u0131fcan Ailesindedir.<\/h6>[vc_empty_space height=&#8221;30px&#8221;][\/vc_column][vc_column width=&#8221;1\/4&#8243;][vc_single_image image=&#8221;6413&#8243; img_size=&#8221;200&#215;300&#8243; alignment=&#8221;center&#8221;]<h4 style=\"color:;\" class=\"ztl-mobile-center ztl-accent-font ztl-center ztl-font-normal\">Bet\u00fcl \u015eahin<\/h4><h5 style=\"color:;\" class=\"ztl-mobile-center ztl-accent-font ztl-center ztl-font-normal\">Beden E\u011fitimi \u00d6\u011fretmeni<\/h5><h6 style=\"color:;\" class=\"ztl-mobile-center ztl-accent-font ztl-center ztl-font-normal\">2023 y\u0131l\u0131ndan beri Vak\u0131fcan Ailesindedir.<\/h6>[vc_empty_space height=&#8221;30px&#8221;][\/vc_column][vc_column width=&#8221;1\/4&#8243;]<h4 style=\"color:;\" class=\"ztl-mobile-center ztl-accent-font ztl-center ztl-font-normal\"><\/h4><h5 style=\"color:;\" class=\"ztl-mobile-center ztl-accent-font ztl-center ztl-font-normal\"><\/h5><h6 style=\"color:;\" class=\"ztl-mobile-center ztl-accent-font ztl-center ztl-font-normal\"><\/h6>[vc_empty_space height=&#8221;30px&#8221;][\/vc_column][\/vc_row][vc_row][vc_column][vc_separator color=&#8221;orange&#8221; border_width=&#8221;2&#8243;][\/vc_column][\/vc_row]<\/p>\n","protected":false},"excerpt":{"rendered":"<p>[vc_row full_width=&#8221;stretch_row&#8221; parallax=&#8221;content-moving&#8221; parallax_image=&#8221;4501&#8243; parallax_speed_bg=&#8221;3&#8243; css=&#8221;.vc_custom_1516360126281{margin-top: -50px !important;padding-top: 200px !important;}&#8221;][vc_column css=&#8221;.vc_custom_1516692513357{padding-top: 0px !important;padding-bottom: 80px !important;}&#8221; offset=&#8221;vc_col-lg-12 vc_col-md-12 vc_col-xs-12&#8243;][\/vc_column][\/vc_row][vc_row][vc_column][vc_empty_space height=&#8221;40px&#8221;][vc_empty_space height=&#8221;60px&#8221;][\/vc_column][\/vc_row][vc_row][vc_column width=&#8221;1\/4&#8243;][vc_single_image image=&#8221;6165&#8243; img_size=&#8221;200&#215;300&#8243; alignment=&#8221;center&#8221;][vc_empty_space height=&#8221;30px&#8221;][\/vc_column][vc_column width=&#8221;1\/4&#8243;][vc_single_image image=&#8221;5457&#8243; img_size=&#8221;200&#215;300&#8243; alignment=&#8221;center&#8221;][vc_empty_space height=&#8221;30px&#8221;][\/vc_column][vc_column width=&#8221;1\/4&#8243;][vc_single_image image=&#8221;6167&#8243; img_size=&#8221;200&#215;300&#8243; alignment=&#8221;center&#8221;][vc_empty_space height=&#8221;30px&#8221;][\/vc_column][vc_column width=&#8221;1\/4&#8243;][vc_single_image image=&#8221;6183&#8243; img_size=&#8221;200&#215;300&#8243; alignment=&#8221;center&#8221;][vc_empty_space height=&#8221;30px&#8221;][\/vc_column][\/vc_row][vc_row][vc_column width=&#8221;1\/4&#8243;][vc_single_image image=&#8221;6171&#8243; img_size=&#8221;200&#215;300&#8243; alignment=&#8221;center&#8221;][vc_empty_space height=&#8221;30px&#8221;][\/vc_column][vc_column width=&#8221;1\/4&#8243;][vc_single_image image=&#8221;6174&#8243; img_size=&#8221;200&#215;300&#8243; alignment=&#8221;center&#8221;][vc_empty_space height=&#8221;30px&#8221;][\/vc_column][vc_column width=&#8221;1\/4&#8243;][vc_single_image image=&#8221;6173&#8243; img_size=&#8221;200&#215;300&#8243; alignment=&#8221;center&#8221;][vc_empty_space height=&#8221;30px&#8221;][\/vc_column][vc_column [&hellip;]<\/p>\n","protected":false},"author":1,"featured_media":0,"parent":0,"menu_order":0,"comment_status":"closed","ping_status":"closed","template":"","meta":{"footnotes":""},"class_list":["post-5441","page","type-page","status-publish","hentry"],"aioseo_notices":[],"_links":{"self":[{"href":"https:\/\/www.vakifcan.com\/index.php\/wp-json\/wp\/v2\/pages\/5441","targetHints":{"allow":["GET"]}}],"collection":[{"href":"https:\/\/www.vakifcan.com\/index.php\/wp-json\/wp\/v2\/pages"}],"about":[{"href":"https:\/\/www.vakifcan.com\/index.php\/wp-json\/wp\/v2\/types\/page"}],"author":[{"embeddable":true,"href":"https:\/\/www.vakifcan.com\/index.php\/wp-json\/wp\/v2\/users\/1"}],"replies":[{"embeddable":true,"href":"https:\/\/www.vakifcan.com\/index.php\/wp-json\/wp\/v2\/comments?post=5441"}],"version-history":[{"count":80,"href":"https:\/\/www.vakifcan.com\/index.php\/wp-json\/wp\/v2\/pages\/5441\/revisions"}],"predecessor-version":[{"id":6543,"href":"https:\/\/www.vakifcan.com\/index.php\/wp-json\/wp\/v2\/pages\/5441\/revisions\/6543"}],"wp:attachment":[{"href":"https:\/\/www.vakifcan.com\/index.php\/wp-json\/wp\/v2\/media?parent=5441"}],"curies":[{"name":"wp","href":"https:\/\/api.w.org\/{rel}","templated":true}]}}