{"id":5404,"date":"2018-01-23T10:21:06","date_gmt":"2018-01-23T07:21:06","guid":{"rendered":"http:\/\/www.vakifcan.com\/?page_id=5404"},"modified":"2018-01-25T12:10:17","modified_gmt":"2018-01-25T09:10:17","slug":"ogrenim-aktivitelerimiz","status":"publish","type":"page","link":"https:\/\/www.vakifcan.com\/index.php\/ogrenim-aktivitelerimiz\/","title":{"rendered":"\u00d6\u011frenim Aktivitelerimiz"},"content":{"rendered":"<p>[vc_row full_width=&#8221;stretch_row&#8221; parallax=&#8221;content-moving&#8221; parallax_image=&#8221;4501&#8243; parallax_speed_bg=&#8221;3&#8243; css=&#8221;.vc_custom_1516360126281{margin-top: -50px !important;padding-top: 200px !important;}&#8221;][vc_column css=&#8221;.vc_custom_1516692513357{padding-top: 0px !important;padding-bottom: 80px !important;}&#8221; offset=&#8221;vc_col-lg-12 vc_col-md-12 vc_col-xs-12&#8243;][\/vc_column][\/vc_row][vc_row][vc_column][vc_empty_space height=&#8221;40px&#8221;]<h2 style=\"color:;\" class=\" ztl-accent-font ztl-center ztl-font-normal\">\u00d6\u011eREN\u0130M AKT\u0130V\u0130TELER\u0130M\u0130Z<\/h2><p style=\"color:;\" class=\" ztl-main-font ztl-center ztl-font-normal\">...<\/p><div class=\"ztl-divider  center primary \">\r\n                <span style=\"border-color:; \" class=\"circle\">\r\n                    <span style=\"background-color:; \"><\/span>\r\n                    <span style=\"background-color:; \"><\/span>\r\n                <\/span>\r\n            <\/div>[vc_empty_space height=&#8221;60px&#8221;][\/vc_column][\/vc_row][vc_row][vc_column width=&#8221;1\/2&#8243;][vc_single_image image=&#8221;5486&#8243; img_size=&#8221;500&#215;200&#8243; alignment=&#8221;center&#8221;]<h3 style=\"color:;\" class=\"ztl-mobile-center ztl-accent-font ztl-left ztl-font-normal\">AKT\u0130F \u00d6\u011eRET\u0130M Y\u00d6NTEMLER\u0130<\/h3>[vc_empty_space height=&#8221;30px&#8221;][vc_raw_html]JTNDdWwlMjBjbGFzcyUzRCUyMnp0bC1saXN0JTIyJTNFJTBBJTNDbGklM0VBUkElQzUlOUVUSVJNQSUzQyUyRmxpJTNFJTBBJTNDbGklM0VHJUMzJTk2WkxFTSUzQyUyRmxpJTNFJTBBJTNDbGklM0VERU5FWSUzQyUyRmxpJTNFJTBBJTNDbGklM0VVWUdVTEFNQSUzQyUyRmxpJTNFJTBBJTNDbGklM0VGQVJLTEklMjBLT05VTEFSSSUyMEIlQzQlQjBSQiVDNCVCMFIlQzQlQjAlMjAlQzQlQjBMRSUyMCVDNCVCMEwlQzQlQjAlQzUlOUVLJUM0JUIwTEVORCVDNCVCMFJNRSUzQyUyRmxpJTNFJTBBJTNDbGklM0VERSVDNCU5RUVSTEVORCVDNCVCMFJNRSUyMFlBUEFCJUM0JUIwTE1FJTNDJTJGbGklM0UlMEElM0NsaSUzRVNPTlUlQzMlODclMjAlQzMlODdJS0FSTUElM0MlMkZsaSUzRSUwQSUzQyUyRnVsJTNF[\/vc_raw_html][vc_empty_space height=&#8221;40px&#8221;][\/vc_column][vc_column width=&#8221;1\/2&#8243;][vc_single_image image=&#8221;5489&#8243; img_size=&#8221;500&#215;200&#8243; alignment=&#8221;center&#8221;]<h3 style=\"color:;\" class=\"ztl-mobile-center ztl-accent-font ztl-left ztl-font-normal\">\u00d6ZEL YABANCI D\u0130L \u00d6\u011eRET\u0130M PROGRAMI<\/h3>[vc_empty_space height=&#8221;30px&#8221;][vc_column_text]Anaokullar\u0131m\u0131zda t\u00fcm \u00f6\u011frencilerimizin \u00f6\u011frendikleri yabanc\u0131 dilde kendilerini ifade edebilme becerisine ula\u015fabilmelerinde;[\/vc_column_text][vc_raw_html]JTNDdWwlMjBjbGFzcyUzRCUyMnp0bC1saXN0JTIyJTNFJTBBJTNDbGklM0VDT01NVU5JQ0FUSVZFJTIwQVBQUk9BQ0glMjAlMjglQzQlQjBsZXRpJUM1JTlGaW1zZWwlMjBZYWtsYSVDNSU5RiVDNCVCMW0lMjklM0MlMkZsaSUzRSUwQSUzQ2xpJTNFVFBSLVRPVEFMJTIwUEhZU0lDQUwlMjBSRVNQT05TRSUyMCUyOEIlQzMlQkN0JUMzJUJDbmMlQzMlQkNsJTIwRml6aWtzZWwlMjBUZWtpJTI5JTNDJTJGbGklM0UlMEElM0NsaSUzRUNSRUFUSVZFJTIwVEhJTktJTkclMjAlMjhZYXJhdCVDNCVCMWMlQzQlQjElMjBEJUMzJUJDJUM1JTlGJUMzJUJDbmNlJTI5JTNDJTJGbGklM0UlMEElM0MlMkZ1bCUzRQ==[\/vc_raw_html][vc_column_text]metotlar\u0131n\u0131 kullanmaktay\u0131z.[\/vc_column_text][\/vc_column][\/vc_row][vc_row][vc_column][vc_separator color=&#8221;orange&#8221; border_width=&#8221;2&#8243;][\/vc_column][\/vc_row][vc_row][vc_column width=&#8221;1\/2&#8243;][vc_single_image image=&#8221;5488&#8243; img_size=&#8221;500&#215;300&#8243; alignment=&#8221;center&#8221;]<h3 style=\"color:;\" class=\"ztl-mobile-center ztl-accent-font ztl-left ztl-font-normal\">OKUMA YAZMAYA HAZIRLIK ETK\u0130NL\u0130KLER\u0130<\/h3>[vc_empty_space height=&#8221;30px&#8221;][vc_column_text]Okullar\u0131m\u0131zda &#8220;Ses Temelli Okuma Yazma&#8221; etkinlikleri \u00f6nemli bir yer kapl\u0131yor.<\/p>\n<p>\u00d6\u011frencilerimiz nokta birle\u015ftirme, hissetme, s\u0131n\u0131flama, s\u0131ralama, g\u00f6rsel analiz, kopyalama ve matris etkinlikleri ile &#8220;\u00dcst d\u00fczey d\u00fc\u015f\u00fcnme becerileri&#8221;ne sahip olarak, g\u00fcnl\u00fck ya\u015famda kullanabilme yetilerini geli\u015ftiriyorlar.[\/vc_column_text][vc_column_text]Ayr\u0131ca velilerimizin, \u00f6nemli bir mazeret olmad\u0131\u011f\u0131 s\u00fcrece, \u00e7ocuklar\u0131n\u0131n okula zaman\u0131nda gelmesine \u00f6zen g\u00f6stermeleri, yap\u0131lan e\u011fitim \u00f6\u011fretim program\u0131n\u0131n aksamadan y\u00fcr\u00fct\u00fclmesi a\u00e7\u0131s\u0131ndan \u00f6nem ta\u015f\u0131maktad\u0131r. Herhangi bir nedenle okul biti\u015f saatinden \u00f6nce velisi taraf\u0131ndan al\u0131nacak \u00f6\u011frenci i\u00e7in, velisinin okul y\u00f6netimine \u00f6nceden bildirmesi\u00a0 gerekmektedir.[\/vc_column_text][vc_empty_space height=&#8221;40px&#8221;][\/vc_column][vc_column width=&#8221;1\/2&#8243;][vc_single_image image=&#8221;5490&#8243; img_size=&#8221;500&#215;200&#8243; alignment=&#8221;center&#8221;]<h3 style=\"color:;\" class=\"ztl-mobile-center ztl-accent-font ztl-left ztl-font-normal\">YETENEK GEL\u0130\u015eT\u0130RME PROGRAMI<\/h3><h4 style=\"color:;line-height:1.3;\" class=\"ztl-mobile-center ztl-main-font ztl-left ztl-font-light\">\u00d6nceli\u011fimiz; ya\u015fama haz\u0131rlamak!<\/h4>[vc_empty_space height=&#8221;20px&#8221;][vc_column_text]\u00d6\u011frencilerimizin ki\u015fisel alg\u0131 ve becerileri do\u011frultusunda kendilerini ve g\u00fc\u00e7l\u00fc y\u00f6nlerini ke\u015ffedip en iyi \u015fekilde kullanmalar\u0131na olanak sa\u011flamak i\u00e7in her y\u0131l \u00f6\u011frencilerimiz haftal\u0131k ders programlar\u0131nda yer alan dersleri ve bran\u015f etkinlikleri ile keyifli vakit ge\u00e7irebiliyorlar.[\/vc_column_text][vc_raw_html]JTNDdWwlMjBjbGFzcyUzRCUyMnp0bC1saXN0JTIyJTNFJTBBJTNDbGklM0VNT0RFUk4lMjBEQU5TJTNDJTJGbGklM0UlMEElM0NsaSUzRU0lQzMlOUNaJUM0JUIwSyUzQyUyRmxpJTNFJTBBJTNDbGklM0VTT1NZQUwlMjBCRUNFUiVDNCVCMExFUiUzQyUyRmxpJTNFJTBBJTNDbGklM0VCQUxFJTNDJTJGbGklM0UlMEElM0NsaSUzRVlBUkFUSUNJJTIwRFJBTUElM0MlMkZsaSUzRSUwQSUzQ2xpJTNFWUFSQVRJQ0klMjBEJUMzJTlDJUM1JTlFJUMzJTlDTk1FJTIwVEVLTiVDNCVCMEtMRVIlQzQlQjAlMjAlMjhTQ0FNUEVSJTI5JTNDJTJGbGklM0UlMEElM0NsaSUzRUVLT0xPSiVDNCVCMCUzQyUyRmxpJTNFJTBBJTNDbGklM0VNQlQlM0MlMkZsaSUzRSUwQSUzQ2xpJTNFSEFMS09ZVU5MQVJJJTNDJTJGbGklM0UlMEElM0NsaSUzRVNBTkFUJTIwVEFSJUM0JUIwSCVDNCVCMCUzQyUyRmxpJTNFJTBBJTNDbGklM0VGRUxTRUZFJTNDJTJGbGklM0UlMEElM0MlMkZ1bCUzRQ==[\/vc_raw_html][vc_empty_space height=&#8221;40px&#8221;][\/vc_column][\/vc_row][vc_row][vc_column][vc_separator color=&#8221;orange&#8221; border_width=&#8221;2&#8243;][\/vc_column][\/vc_row][vc_row][vc_column width=&#8221;1\/2&#8243;][vc_single_image image=&#8221;5487&#8243; img_size=&#8221;500&#215;600&#8243; alignment=&#8221;center&#8221;][\/vc_column][vc_column width=&#8221;1\/2&#8243;]<h3 style=\"color:;\" class=\"ztl-mobile-center ztl-accent-font ztl-left ztl-font-normal\">KODLAMA E\u011e\u0130T\u0130M\u0130 - STEAM<\/h3>[vc_empty_space height=&#8221;30px&#8221;][vc_column_text]Anas\u0131n\u0131f\u0131 \u00f6\u011frencilerimiz algoritma mant\u0131\u011f\u0131n\u0131 kavrama, problem \u00e7\u00f6zme, ak\u0131l y\u00fcr\u00fctme gibi d\u00fc\u015f\u00fcnme becerilerini geli\u015ftirici e\u011fitim i\u00e7eriklerinin beraberinde &#8220;Kodlama&#8221; ile erken ya\u015fta tan\u0131\u015f\u0131yor.<\/p>\n<p>\u00c7ocuklar\u0131m\u0131za bilgisayarda oyun oynamay\u0131 de\u011fil, oyun program\u0131 yazabilmenin temellerini \u00f6\u011fretiyoruz. Teknolojinin nas\u0131l \u00e7al\u0131\u015ft\u0131\u011f\u0131n\u0131 farkl\u0131 y\u00f6ntemlerle g\u00f6stererek, yarat\u0131c\u0131l\u0131klar\u0131n\u0131 kullanmalar\u0131na \u00f6nc\u00fcl\u00fck ediyoruz.<\/p>\n<p>Bu \u00e7al\u0131\u015fmalar yard\u0131m\u0131yla \u00f6\u011frencilerimize uzun vadede 21. y\u00fczy\u0131l becerileri olarak ifade edilen a\u015fa\u011f\u0131daki becerileri kazand\u0131rmay\u0131 hedeflemekteyiz;[\/vc_column_text][vc_raw_html]JTNDdWwlMjBjbGFzcyUzRCUyMnp0bC1saXN0JTIyJTNFJTBBJTNDbGklM0VZQVJBVElDSUxJSyUyMHZlJTIwWUVOJUM0JUIwTEVOTUUlM0MlMkZsaSUzRSUwQSUzQ2xpJTNFRUxFJUM1JTlFVCVDNCVCMFJFTCUyMEQlQzMlOUMlQzUlOUUlQzMlOUNOTUUlMjB2ZSUyMFBST0JMRU0lMjAlQzMlODclQzMlOTZaTUUlM0MlMkZsaSUzRSUwQSUzQ2xpJTNFJUM0JUIwTEVUJUM0JUIwJUM1JTlFJUM0JUIwTSUyMHZlJTIwJUM0JUIwJUM1JTlFQiVDNCVCMFJMJUM0JUIwJUM0JTlFJUM0JUIwJTNDJTJGbGklM0UlMEElM0NsaSUzRUIlQzQlQjBMRyVDNCVCMCUyQyUyME1FRFlBJTIwdmUlMjBURUtOT0xPSiVDNCVCMCUyMEJFQ0VSJUM0JUIwTEVSJUM0JUIwJTNDJTJGbGklM0UlMEElM0MlMkZ1bCUzRQ==[\/vc_raw_html][vc_column_text]Anaokullar\u0131m\u0131zda temelini att\u0131\u011f\u0131m\u0131z programlama yarat\u0131c\u0131l\u0131k \u00f6\u011fretisi gelecekte \u00e7ocuklar\u0131m\u0131z\u0131n en \u00e7ok ihtiya\u00e7 duyacaklar\u0131 beceriler olacakt\u0131r.[\/vc_column_text][vc_empty_space height=&#8221;40px&#8221;][\/vc_column][\/vc_row]<\/p>\n","protected":false},"excerpt":{"rendered":"<p>[vc_row full_width=&#8221;stretch_row&#8221; parallax=&#8221;content-moving&#8221; parallax_image=&#8221;4501&#8243; parallax_speed_bg=&#8221;3&#8243; css=&#8221;.vc_custom_1516360126281{margin-top: -50px !important;padding-top: 200px !important;}&#8221;][vc_column css=&#8221;.vc_custom_1516692513357{padding-top: 0px !important;padding-bottom: 80px !important;}&#8221; offset=&#8221;vc_col-lg-12 vc_col-md-12 vc_col-xs-12&#8243;][\/vc_column][\/vc_row][vc_row][vc_column][vc_empty_space height=&#8221;40px&#8221;][vc_empty_space height=&#8221;60px&#8221;][\/vc_column][\/vc_row][vc_row][vc_column width=&#8221;1\/2&#8243;][vc_single_image image=&#8221;5486&#8243; img_size=&#8221;500&#215;200&#8243; alignment=&#8221;center&#8221;][vc_empty_space height=&#8221;30px&#8221;][vc_raw_html]JTNDdWwlMjBjbGFzcyUzRCUyMnp0bC1saXN0JTIyJTNFJTBBJTNDbGklM0VBUkElQzUlOUVUSVJNQSUzQyUyRmxpJTNFJTBBJTNDbGklM0VHJUMzJTk2WkxFTSUzQyUyRmxpJTNFJTBBJTNDbGklM0VERU5FWSUzQyUyRmxpJTNFJTBBJTNDbGklM0VVWUdVTEFNQSUzQyUyRmxpJTNFJTBBJTNDbGklM0VGQVJLTEklMjBLT05VTEFSSSUyMEIlQzQlQjBSQiVDNCVCMFIlQzQlQjAlMjAlQzQlQjBMRSUyMCVDNCVCMEwlQzQlQjAlQzUlOUVLJUM0JUIwTEVORCVDNCVCMFJNRSUzQyUyRmxpJTNFJTBBJTNDbGklM0VERSVDNCU5RUVSTEVORCVDNCVCMFJNRSUyMFlBUEFCJUM0JUIwTE1FJTNDJTJGbGklM0UlMEElM0NsaSUzRVNPTlUlQzMlODclMjAlQzMlODdJS0FSTUElM0MlMkZsaSUzRSUwQSUzQyUyRnVsJTNF[\/vc_raw_html][vc_empty_space height=&#8221;40px&#8221;][\/vc_column][vc_column width=&#8221;1\/2&#8243;][vc_single_image image=&#8221;5489&#8243; img_size=&#8221;500&#215;200&#8243; alignment=&#8221;center&#8221;][vc_empty_space height=&#8221;30px&#8221;][vc_column_text]Anaokullar\u0131m\u0131zda t\u00fcm \u00f6\u011frencilerimizin \u00f6\u011frendikleri yabanc\u0131 dilde kendilerini ifade edebilme becerisine ula\u015fabilmelerinde;[\/vc_column_text][vc_raw_html]JTNDdWwlMjBjbGFzcyUzRCUyMnp0bC1saXN0JTIyJTNFJTBBJTNDbGklM0VDT01NVU5JQ0FUSVZFJTIwQVBQUk9BQ0glMjAlMjglQzQlQjBsZXRpJUM1JTlGaW1zZWwlMjBZYWtsYSVDNSU5RiVDNCVCMW0lMjklM0MlMkZsaSUzRSUwQSUzQ2xpJTNFVFBSLVRPVEFMJTIwUEhZU0lDQUwlMjBSRVNQT05TRSUyMCUyOEIlQzMlQkN0JUMzJUJDbmMlQzMlQkNsJTIwRml6aWtzZWwlMjBUZWtpJTI5JTNDJTJGbGklM0UlMEElM0NsaSUzRUNSRUFUSVZFJTIwVEhJTktJTkclMjAlMjhZYXJhdCVDNCVCMWMlQzQlQjElMjBEJUMzJUJDJUM1JTlGJUMzJUJDbmNlJTI5JTNDJTJGbGklM0UlMEElM0MlMkZ1bCUzRQ==[\/vc_raw_html][vc_column_text]metotlar\u0131n\u0131 kullanmaktay\u0131z.[\/vc_column_text][\/vc_column][\/vc_row][vc_row][vc_column][vc_separator color=&#8221;orange&#8221; border_width=&#8221;2&#8243;][\/vc_column][\/vc_row][vc_row][vc_column width=&#8221;1\/2&#8243;][vc_single_image image=&#8221;5488&#8243; img_size=&#8221;500&#215;300&#8243; alignment=&#8221;center&#8221;][vc_empty_space height=&#8221;30px&#8221;][vc_column_text]Okullar\u0131m\u0131zda &#8220;Ses Temelli Okuma Yazma&#8221; etkinlikleri \u00f6nemli [&hellip;]<\/p>\n","protected":false},"author":1,"featured_media":0,"parent":0,"menu_order":0,"comment_status":"closed","ping_status":"closed","template":"","meta":{"footnotes":""},"class_list":["post-5404","page","type-page","status-publish","hentry"],"aioseo_notices":[],"_links":{"self":[{"href":"https:\/\/www.vakifcan.com\/index.php\/wp-json\/wp\/v2\/pages\/5404","targetHints":{"allow":["GET"]}}],"collection":[{"href":"https:\/\/www.vakifcan.com\/index.php\/wp-json\/wp\/v2\/pages"}],"about":[{"href":"https:\/\/www.vakifcan.com\/index.php\/wp-json\/wp\/v2\/types\/page"}],"author":[{"embeddable":true,"href":"https:\/\/www.vakifcan.com\/index.php\/wp-json\/wp\/v2\/users\/1"}],"replies":[{"embeddable":true,"href":"https:\/\/www.vakifcan.com\/index.php\/wp-json\/wp\/v2\/comments?post=5404"}],"version-history":[{"count":24,"href":"https:\/\/www.vakifcan.com\/index.php\/wp-json\/wp\/v2\/pages\/5404\/revisions"}],"predecessor-version":[{"id":5514,"href":"https:\/\/www.vakifcan.com\/index.php\/wp-json\/wp\/v2\/pages\/5404\/revisions\/5514"}],"wp:attachment":[{"href":"https:\/\/www.vakifcan.com\/index.php\/wp-json\/wp\/v2\/media?parent=5404"}],"curies":[{"name":"wp","href":"https:\/\/api.w.org\/{rel}","templated":true}]}}