{"id":5369,"date":"2018-01-19T13:34:07","date_gmt":"2018-01-19T10:34:07","guid":{"rendered":"http:\/\/www.vakifcan.com\/?page_id=5369"},"modified":"2025-10-08T14:38:54","modified_gmt":"2025-10-08T11:38:54","slug":"okul-yasantisi","status":"publish","type":"page","link":"https:\/\/www.vakifcan.com\/index.php\/okul-yasantisi\/","title":{"rendered":"Okul Ya\u015fant\u0131s\u0131"},"content":{"rendered":"<p>[vc_row full_width=&#8221;stretch_row&#8221; parallax=&#8221;content-moving&#8221; parallax_image=&#8221;4501&#8243; parallax_speed_bg=&#8221;3&#8243; css=&#8221;.vc_custom_1516360126281{margin-top: -50px !important;padding-top: 200px !important;}&#8221;][vc_column css=&#8221;.vc_custom_1492880051605{padding-top: 0px !important;padding-bottom: 80px !important;}&#8221; offset=&#8221;vc_col-lg-3 vc_col-md-3 vc_col-xs-12&#8243;][\/vc_column][\/vc_row][vc_row][vc_column][vc_empty_space height=&#8221;40px&#8221;]<h2 style=\"color:;\" class=\" ztl-accent-font ztl-center ztl-font-normal\">OKUL YA\u015eANTISI<\/h2><p style=\"color:;\" class=\" ztl-main-font ztl-center ztl-font-normal\">...<\/p><div class=\"ztl-divider  center primary \">\r\n                <span style=\"border-color:; \" class=\"circle\">\r\n                    <span style=\"background-color:; \"><\/span>\r\n                    <span style=\"background-color:; \"><\/span>\r\n                <\/span>\r\n            <\/div>[vc_empty_space height=&#8221;60px&#8221;][\/vc_column][\/vc_row][vc_row][vc_column width=&#8221;1\/2&#8243;]<h3 style=\"color:;\" class=\"ztl-mobile-center ztl-accent-font ztl-left ztl-font-normal\">OKULA DEVAM<\/h3><h4 style=\"color:;line-height:1.3;\" class=\"ztl-mobile-center ztl-main-font ztl-left ztl-font-light\">G\u0130R\u0130\u015e-\u00c7IKI\u015e SAATLER\u0130<\/h4>[vc_empty_space height=&#8221;30px&#8221;][vc_column_text]Anaokullar\u0131m\u0131z 08:00 \u2013 17:30 saatleri aras\u0131nda a\u00e7\u0131k olup, e\u011fitim-\u00f6\u011fretim 08.30 \u2013 17:00 saatleri aras\u0131nda yap\u0131lmaktad\u0131r.<br \/>\n\u00d6\u011frencilerin okula d\u00fczenli olarak devam etmeleri ve zaman\u0131nda gelip gitmeleri gerekmektedir. Hastal\u0131k halinde veli, durumu okul y\u00f6netimine bildirmelidir.[\/vc_column_text][vc_column_text]Ayr\u0131ca velilerimizin, \u00f6nemli bir mazeret olmad\u0131\u011f\u0131 s\u00fcrece, \u00e7ocuklar\u0131n\u0131n okula zaman\u0131nda gelmesine \u00f6zen g\u00f6stermeleri, yap\u0131lan e\u011fitim \u00f6\u011fretim program\u0131n\u0131n aksamadan y\u00fcr\u00fct\u00fclmesi a\u00e7\u0131s\u0131ndan \u00f6nem ta\u015f\u0131maktad\u0131r. Herhangi bir nedenle okul biti\u015f saatinden \u00f6nce velisi taraf\u0131ndan al\u0131nacak \u00f6\u011frenci i\u00e7in, velisinin okul y\u00f6netimine \u00f6nceden bildirmesi\u00a0 gerekmektedir.[\/vc_column_text][vc_empty_space height=&#8221;40px&#8221;][\/vc_column][vc_column width=&#8221;1\/2&#8243;][vc_empty_space height=&#8221;100px&#8221;][vc_tta_accordion style=&#8221;outline&#8221; shape=&#8221;square&#8221; active_section=&#8221;1&#8243; no_fill=&#8221;true&#8221; el_class=&#8221;ztl-accordion&#8221;][vc_tta_section title=&#8221;\u00d6\u011frencilerin okuldan erken al\u0131nmas\u0131 ve\/veya bir ba\u015fkas\u0131 taraf\u0131ndan al\u0131nmas\u0131&#8221; tab_id=&#8221;1492877084322-31fcbd2b-0af2&#8243;][vc_column_text]Herhangi bir nedenle okul biti\u015f saatinden \u00f6nce velisi ve\/veya ba\u015fkas\u0131 taraf\u0131ndan al\u0131nacak \u00f6\u011frenci\u00a0 i\u00e7in veli \u00f6nceden y\u00f6netime mutlaka bildirir. E\u011fitim \u00f6\u011fretim y\u0131l\u0131 ba\u015f\u0131nda velilere &#8220;\u00d6\u011frenciyi Okuldan Alacak Ki\u015filer Veli \u0130zin Formu&#8221; g\u00f6nderilir. Bu bilgiler okul kay\u0131tlar\u0131na ge\u00e7irilir.[\/vc_column_text][\/vc_tta_section][vc_tta_section title=&#8221;Servis&#8221; tab_id=&#8221;1492700177446-c886c798-16f9&#8243;][vc_column_text]\u00d6\u011frencinin okuldan velisi taraf\u0131ndan al\u0131nmas\u0131 gerekti\u011finde bu durumu \u00f6\u011frenci velisi en ge\u00e7 saat 15:00&#8217;ye kadar okul y\u00f6netimine bildirir.<\/p>\n<p>Servis kullanacak velilerimizin dikkat etmesi gereken hususlar;<\/p>\n<ul>\n<li>Okulda \u00f6\u011frenci ile ilgili her konuda kay\u0131t formunda ismi yazan veliye dan\u0131\u015f\u0131l\u0131r. Okuldan alacak ki\u015fi veya servisi kar\u015f\u0131layacak ki\u015fi veli taraf\u0131ndan bildirildi\u011fi takdirde de\u011fi\u015fiklik yap\u0131labilir. Velinin bilgisi veya onay\u0131 olmadan \u00f6\u011frenci \u00fc\u00e7\u00fcnc\u00fc ki\u015filere okuldan veya servisten teslim edilmez.<\/li>\n<li>Servis kalk\u0131\u015f alanlar\u0131nda di\u011fer \u00f6\u011frencileri bekletmemek i\u00e7in servisler \u00f6\u011frencileri en fazla 5 dakika bekleyebilirler. Hareket eden servislere \u00f6\u011frenci teslim edilmeye \u00e7al\u0131\u015f\u0131lmamal\u0131, servisi bekletmemek i\u00e7in gereken \u00f6zen g\u00f6sterilmelidir.<\/li>\n<li>\u00d6\u011frencinin okula gelemeyece\u011fi durumlarda okul y\u00f6netimine \u00f6nceden haber verilmesine, yine devams\u0131zl\u0131k sonras\u0131nda ba\u015flayaca\u011f\u0131 g\u00fcn\u00fcn \u00f6nceden haber verilmesine \u00f6zen g\u00f6sterilmelidir.<\/li>\n<li>Servis ara\u00e7lar\u0131 n\u00f6bet\u00e7i \u00f6\u011fretmen taraf\u0131ndan kar\u015f\u0131lan\u0131r ve u\u011furlan\u0131r.<\/li>\n<\/ul>\n<p>\u00b7 Herhangi bir sorun ile kar\u015f\u0131la\u015f\u0131ld\u0131\u011f\u0131nda konu ile ilgili okul y\u00f6netimine bilgi verilmesi sorunlar\u0131n en k\u0131sa s\u00fcrede \u00e7\u00f6z\u00fclmesini ve tedbir al\u0131nmas\u0131n\u0131 sa\u011flar.[\/vc_column_text][\/vc_tta_section][\/vc_tta_accordion][vc_empty_space height=&#8221;40px&#8221;][\/vc_column][\/vc_row][vc_row][vc_column][vc_separator color=&#8221;orange&#8221; border_width=&#8221;2&#8243;][\/vc_column][\/vc_row][vc_row][vc_column width=&#8221;1\/2&#8243;]<h3 style=\"color:;\" class=\"ztl-mobile-center ztl-accent-font ztl-left ztl-font-normal\">\u0130LET\u0130\u015e\u0130M<\/h3><h4 style=\"color:;line-height:1.3;\" class=\"ztl-mobile-center ztl-main-font ztl-left ztl-font-light\">OKUL-A\u0130LE OTOMASYON S\u0130STEM\u0130<\/h4>[vc_empty_space height=&#8221;30px&#8221;][vc_column_text]G\u00fcncel iletiler, \u00f6ncelikle okul-aile otomasyon sisteminden, e-posta mesaj\u0131 olarak sizlere ula\u015ft\u0131r\u0131lmaktad\u0131r.[\/vc_column_text][vc_column_text]Esas ald\u0131\u011f\u0131m\u0131z haberle\u015fme arac\u0131m\u0131z ise okul-aile otomasyon sistemimizdir. Gerekti\u011finde geri d\u00f6n\u00fc\u015f yapabilmeniz i\u00e7in, sistemi g\u00fcnl\u00fck olarak kontrol etmenizi rica ederiz.[\/vc_column_text][vc_empty_space height=&#8221;40px&#8221;][\/vc_column][vc_column width=&#8221;1\/2&#8243;][vc_empty_space height=&#8221;50px&#8221;][vc_tta_accordion style=&#8221;outline&#8221; shape=&#8221;square&#8221; active_section=&#8221;1&#8243; no_fill=&#8221;true&#8221; el_class=&#8221;ztl-accordion&#8221;][vc_tta_section title=&#8221;Adres ve telefon de\u011fi\u015fiklikleri&#8221; tab_id=&#8221;1516610214672-92dc947a-e9bc&#8221;][vc_column_text]Sizlerle sa\u011fl\u0131kl\u0131 ileti\u015fim kurabilmemiz i\u00e7in, adres, telefon ve e-posta de\u011fi\u015fikliklerinizi anaokulu y\u00f6netimine Ye\u015filk\u00f6y \u015fubemiz i\u00e7in 0212 465 25 79 numaralar\u0131 telefon veya\u00a0<a href=\"mailto:yesilkoy@vakifcan.com\">yesilkoy@vakifcan.com<\/a>, Atakent \u015fubemiz i\u00e7in 0212 924 28 52 numaralar\u0131 telefon veya <a href=\"mailto:atakent@vakifcan.com\">atakent@vakifcan.com<\/a> adresinden bildiriniz. \u00d6nemli olan konularda da anaokuluna not b\u0131rakman\u0131z\u0131 rica ederiz.[\/vc_column_text][\/vc_tta_section][vc_tta_section title=&#8221;\u00d6\u011fretmen ve Veli g\u00f6r\u00fc\u015fmeleri&#8221; tab_id=&#8221;1516610214712-aef1c01d-e4c4&#8243;][vc_column_text]Birinci d\u00f6nem ve ikinci d\u00f6nem olmak \u00fczere y\u0131lda iki kez toplant\u0131lar d\u00fczenlenerek veli g\u00f6r\u00fc\u015fmesi yap\u0131l\u0131r. Bu rutin toplant\u0131lar d\u0131\u015f\u0131nda velilerden ya da \u00f6\u011fretmenlerden gelen \u00f6zel durum iste\u011fi ile en az bir g\u00fcn \u00f6ncesinden randevula\u015fmak ko\u015fulu ile bireysel veli g\u00f6r\u00fc\u015fmeleri yap\u0131l\u0131r. G\u00fcn i\u00e7inde bilgi almak isteyen veliler 13.30-14.30 saatleri aras\u0131nda telefon ile s\u0131n\u0131f \u00f6\u011fretmenleri ile g\u00f6r\u00fc\u015febilirler. Acil durumlarda okul idaresine not b\u0131rak\u0131ld\u0131\u011f\u0131nda en k\u0131sa s\u00fcrede s\u0131n\u0131f \u00f6\u011fretmenin sizlere geri d\u00f6n\u00fc\u015f\u00fc sa\u011flanacakt\u0131r.[\/vc_column_text][\/vc_tta_section][\/vc_tta_accordion][vc_empty_space height=&#8221;40px&#8221;][\/vc_column][\/vc_row][vc_row][vc_column][vc_separator color=&#8221;orange&#8221; border_width=&#8221;2&#8243;][\/vc_column][\/vc_row][vc_row][vc_column width=&#8221;1\/2&#8243;]<h3 style=\"color:;\" class=\"ztl-mobile-center ztl-accent-font ztl-left ztl-font-normal\">BESLENME SAAT\u0130 ve YEMEK<\/h3>[vc_empty_space height=&#8221;30px&#8221;][vc_column_text]Okulumuzdaki beslenme ve yemek hizmetleri, anaokulu mutfa\u011f\u0131nda, taze \u00fcr\u00fcnler ile hi\u00e7bir katk\u0131 maddesi kullan\u0131lmadan haz\u0131rlanarak sunulmaktad\u0131r.\u00a0Ayl\u0131k men\u00fcleri okul-aile otomasyon sisteminden takip edebilirsiniz.[\/vc_column_text][vc_raw_html]JTNDdWwlMjBjbGFzcyUzRCUyMnp0bC1saXN0JTIyJTNFJTBBJTNDbGklM0VTQUJBSCUyMEtBSFZBTFRJU0klM0ElMjAwOCUzQTMwJTIwLSUyMDA5JTNBMzAlM0MlMkZsaSUzRSUwQSUzQ2xpJTNFJUMzJTk2JUM0JTlFTEUlMjBZRU1FJUM0JTlFJUM0JUIwJTIwJTIwJTIwJTIwJTIwJTNBJTIwMTIlM0EwMCUyMC0lMjAxMyUzQTAwJTNDJTJGbGklM0UlMEElM0NsaSUzRUFSQSUyMCVDMyU5NiVDNCU5RSVDMyU5Q04lMjAlMjAlMjAlMjAlMjAlMjAlMjAlMjAlM0ElMjAxNSUzQTMwJTIwLSUyMDE2JTNBMDAlM0MlMkZsaSUzRSUwQSUzQyUyRnVsJTNF[\/vc_raw_html][vc_empty_space height=&#8221;40px&#8221;][\/vc_column][vc_column width=&#8221;1\/2&#8243;][vc_empty_space height=&#8221;50px&#8221;][vc_single_image image=&#8221;5415&#8243; img_size=&#8221;500&#215;200&#8243; alignment=&#8221;center&#8221;][vc_empty_space height=&#8221;40px&#8221;][\/vc_column][\/vc_row][vc_row][vc_column][vc_separator color=&#8221;orange&#8221; border_width=&#8221;2&#8243;][\/vc_column][\/vc_row][vc_row][vc_column width=&#8221;1\/2&#8243;][vc_empty_space height=&#8221;50px&#8221;][vc_single_image image=&#8221;5416&#8243; img_size=&#8221;500&#215;200&#8243; alignment=&#8221;center&#8221;][vc_empty_space height=&#8221;40px&#8221;][\/vc_column][vc_column width=&#8221;1\/2&#8243;]<h3 style=\"color:;\" class=\"ztl-mobile-center ztl-accent-font ztl-left ztl-font-normal\">\u00d6\u011eRENC\u0130 KIYAFET\u0130<\/h3>[vc_empty_space height=&#8221;30px&#8221;][vc_column_text]Anaokulumuzda serbest k\u0131yafet uygulamas\u0131 yap\u0131lmaktad\u0131r. Bu nedenle anaokulu \u00f6\u011frencileri i\u00e7in, ya\u015flar\u0131, e\u011fitim ortamlar\u0131 d\u00fc\u015f\u00fcn\u00fclerek m\u00fcmk\u00fcn oldu\u011funca rahat edebilecekleri (e\u015fofman, \u015fort vb.) ve kirlenip, y\u0131pranmas\u0131ndan rahats\u0131zl\u0131k duymayaca\u011f\u0131n\u0131z k\u0131yafetlerin tercih edilmesini \u00f6nermekteyiz.[\/vc_column_text][vc_empty_space height=&#8221;40px&#8221;][\/vc_column][\/vc_row][vc_row][vc_column][vc_separator color=&#8221;orange&#8221; border_width=&#8221;2&#8243;][\/vc_column][\/vc_row][vc_row][vc_column width=&#8221;1\/2&#8243;]<h3 style=\"color:;\" class=\"ztl-mobile-center ztl-accent-font ztl-left ztl-font-normal\">SA\u011eLIK<\/h3>[vc_empty_space height=&#8221;30px&#8221;][vc_column_text]Re\u00e7eteli olarak ila\u00e7 kullan\u0131m\u0131 zorunlu olan \u00f6\u011frenciler i\u00e7in, s\u0131n\u0131f \u00f6\u011fretmenine ilac\u0131 iletmeniz gerekmektedir. Sizlerden ricam\u0131z e\u011fitim \u00f6\u011fretim y\u0131l\u0131n\u0131n ba\u015f\u0131nda sizlere verece\u011fimiz okul-aile kullan\u0131c\u0131 ad\u0131 ve \u015fifresi ile sisteme giri\u015f yaparak \u00f6\u011frencinin ad\u0131-soyad\u0131,\u00a0 s\u0131n\u0131f\u0131, kullanaca\u011f\u0131 ila\u00e7 miktar\u0131 ve uygulama zaman\u0131 mutlaka yaz\u0131lmal\u0131d\u0131r.[\/vc_column_text][vc_empty_space height=&#8221;40px&#8221;][\/vc_column][vc_column width=&#8221;1\/2&#8243;][vc_empty_space height=&#8221;50px&#8221;][vc_single_image image=&#8221;5417&#8243; img_size=&#8221;500&#215;200&#8243; alignment=&#8221;center&#8221;][vc_empty_space height=&#8221;40px&#8221;][\/vc_column][\/vc_row][vc_row][vc_column][vc_separator color=&#8221;orange&#8221; border_width=&#8221;2&#8243;][\/vc_column][\/vc_row][vc_row][vc_column width=&#8221;1\/2&#8243;][vc_empty_space height=&#8221;50px&#8221;][vc_single_image image=&#8221;5418&#8243; img_size=&#8221;500&#215;200&#8243; alignment=&#8221;center&#8221;][vc_empty_space height=&#8221;40px&#8221;][\/vc_column][vc_column width=&#8221;1\/2&#8243;]<h3 style=\"color:;\" class=\"ztl-mobile-center ztl-accent-font ztl-left ztl-font-normal\">KAYIP E\u015eYA<\/h3>[vc_empty_space height=&#8221;30px&#8221;][vc_column_text]\u00d6\u011frencilerin giysilerine, kime ait olduklar\u0131n\u0131n anla\u015f\u0131lmas\u0131 i\u00e7in, i\u015faret veya isim\u00a0 (y\u0131kand\u0131\u011f\u0131nda silinmeyecek bir kalemle) yaz\u0131lmal\u0131d\u0131r. Kay\u0131p e\u015fyalar, \u00fczerlerindeki bilgilerden yola \u00e7\u0131k\u0131larak \u00f6\u011frenciye geri verilir. Sahibi bulunamayan e\u015fyalar kay\u0131p e\u015fya dolab\u0131nda saklan\u0131r. K\u0131yafet d\u0131\u015f\u0131nda \u00f6\u011frencinin okulda kullanaca\u011f\u0131 t\u00fcm malzemelerin de etiketlenmesi gerekmektedir.[\/vc_column_text][vc_empty_space height=&#8221;40px&#8221;][\/vc_column][\/vc_row]<\/p>\n","protected":false},"excerpt":{"rendered":"<p>[vc_row full_width=&#8221;stretch_row&#8221; parallax=&#8221;content-moving&#8221; parallax_image=&#8221;4501&#8243; parallax_speed_bg=&#8221;3&#8243; css=&#8221;.vc_custom_1516360126281{margin-top: -50px !important;padding-top: 200px !important;}&#8221;][vc_column css=&#8221;.vc_custom_1492880051605{padding-top: 0px !important;padding-bottom: 80px !important;}&#8221; offset=&#8221;vc_col-lg-3 vc_col-md-3 vc_col-xs-12&#8243;][\/vc_column][\/vc_row][vc_row][vc_column][vc_empty_space height=&#8221;40px&#8221;][vc_empty_space height=&#8221;60px&#8221;][\/vc_column][\/vc_row][vc_row][vc_column width=&#8221;1\/2&#8243;][vc_empty_space height=&#8221;30px&#8221;][vc_column_text]Anaokullar\u0131m\u0131z 08:00 \u2013 17:30 saatleri aras\u0131nda a\u00e7\u0131k olup, e\u011fitim-\u00f6\u011fretim 08.30 \u2013 17:00 saatleri aras\u0131nda yap\u0131lmaktad\u0131r. \u00d6\u011frencilerin okula d\u00fczenli olarak devam etmeleri ve zaman\u0131nda gelip gitmeleri gerekmektedir. Hastal\u0131k halinde veli, durumu okul y\u00f6netimine bildirmelidir.[\/vc_column_text][vc_column_text]Ayr\u0131ca velilerimizin, [&hellip;]<\/p>\n","protected":false},"author":1,"featured_media":0,"parent":0,"menu_order":0,"comment_status":"closed","ping_status":"closed","template":"","meta":{"footnotes":""},"class_list":["post-5369","page","type-page","status-publish","hentry"],"aioseo_notices":[],"_links":{"self":[{"href":"https:\/\/www.vakifcan.com\/index.php\/wp-json\/wp\/v2\/pages\/5369","targetHints":{"allow":["GET"]}}],"collection":[{"href":"https:\/\/www.vakifcan.com\/index.php\/wp-json\/wp\/v2\/pages"}],"about":[{"href":"https:\/\/www.vakifcan.com\/index.php\/wp-json\/wp\/v2\/types\/page"}],"author":[{"embeddable":true,"href":"https:\/\/www.vakifcan.com\/index.php\/wp-json\/wp\/v2\/users\/1"}],"replies":[{"embeddable":true,"href":"https:\/\/www.vakifcan.com\/index.php\/wp-json\/wp\/v2\/comments?post=5369"}],"version-history":[{"count":28,"href":"https:\/\/www.vakifcan.com\/index.php\/wp-json\/wp\/v2\/pages\/5369\/revisions"}],"predecessor-version":[{"id":6520,"href":"https:\/\/www.vakifcan.com\/index.php\/wp-json\/wp\/v2\/pages\/5369\/revisions\/6520"}],"wp:attachment":[{"href":"https:\/\/www.vakifcan.com\/index.php\/wp-json\/wp\/v2\/media?parent=5369"}],"curies":[{"name":"wp","href":"https:\/\/api.w.org\/{rel}","templated":true}]}}