{"id":5362,"date":"2018-01-17T11:14:50","date_gmt":"2018-01-17T08:14:50","guid":{"rendered":"http:\/\/www.vakifcan.com\/?page_id=5362"},"modified":"2023-12-20T16:18:28","modified_gmt":"2023-12-20T13:18:28","slug":"atakent-subesi-iletisim","status":"publish","type":"page","link":"https:\/\/www.vakifcan.com\/index.php\/atakent-subesi-iletisim\/","title":{"rendered":"Atakent \u015eubesi \u0130leti\u015fim"},"content":{"rendered":"<p>[vc_row css=&#8221;.vc_custom_1435087865321{margin-right: 0px !important;margin-left: 0px !important;}&#8221;][vc_column]<h2 style=\"color:;\" class=\" ztl-accent-font ztl-center ztl-font-normal\">MERHABA DE!<\/h2><p style=\"color:;\" class=\" ztl-main-font ztl-center ztl-font-normal\">\u00c7ocu\u011funuzla tan\u0131\u015fmak i\u00e7in sab\u0131rs\u0131zlan\u0131yoruz.<\/p><div class=\"ztl-divider  center primary \">\r\n                <span style=\"border-color:; \" class=\"circle\">\r\n                    <span style=\"background-color:; \"><\/span>\r\n                    <span style=\"background-color:; \"><\/span>\r\n                <\/span>\r\n            <\/div>[vc_empty_space height=&#8221;60px&#8221;][\/vc_column][\/vc_row][vc_row css=&#8221;.vc_custom_1457029699671{margin-top: 10px !important;margin-bottom: 0px !important;}&#8221; el_class=&#8221;ztl-contact-info&#8221;][vc_column width=&#8221;1\/2&#8243;][vc_row_inner el_class=&#8221;ztl-contact-form&#8221;][vc_column_inner]\n<div class=\"wpcf7 no-js\" id=\"wpcf7-f6389-o1\" lang=\"en-US\" dir=\"ltr\" data-wpcf7-id=\"6389\">\n<div class=\"screen-reader-response\"><p role=\"status\" aria-live=\"polite\" aria-atomic=\"true\"><\/p> <ul><\/ul><\/div>\n<form action=\"\/index.php\/wp-json\/wp\/v2\/pages\/5362#wpcf7-f6389-o1\" method=\"post\" class=\"wpcf7-form init\" aria-label=\"Contact form\" novalidate=\"novalidate\" data-status=\"init\">\n<fieldset class=\"hidden-fields-container\"><input type=\"hidden\" name=\"_wpcf7\" value=\"6389\" \/><input type=\"hidden\" name=\"_wpcf7_version\" value=\"6.1.5\" \/><input type=\"hidden\" name=\"_wpcf7_locale\" value=\"en_US\" \/><input type=\"hidden\" name=\"_wpcf7_unit_tag\" value=\"wpcf7-f6389-o1\" \/><input type=\"hidden\" name=\"_wpcf7_container_post\" value=\"0\" \/><input type=\"hidden\" name=\"_wpcf7_posted_data_hash\" value=\"\" \/>\n<\/fieldset>\n<p><span class=\"wpcf7-form-control-wrap\" data-name=\"your-name\"><input size=\"40\" maxlength=\"400\" class=\"wpcf7-form-control wpcf7-text wpcf7-validates-as-required\" aria-required=\"true\" aria-invalid=\"false\" placeholder=\"\u0130sim *\" value=\"\" type=\"text\" name=\"your-name\" \/><\/span>\n<\/p>\n<p><span class=\"wpcf7-form-control-wrap\" data-name=\"your-email\"><input size=\"40\" maxlength=\"400\" class=\"wpcf7-form-control wpcf7-email wpcf7-validates-as-required wpcf7-text wpcf7-validates-as-email\" aria-required=\"true\" aria-invalid=\"false\" placeholder=\"Email *\" value=\"\" type=\"email\" name=\"your-email\" \/><\/span>\n<\/p>\n<p><span class=\"wpcf7-form-control-wrap\" data-name=\"your-subject\"><input size=\"40\" maxlength=\"400\" class=\"wpcf7-form-control wpcf7-text\" aria-invalid=\"false\" placeholder=\"Konu\" value=\"\" type=\"text\" name=\"your-subject\" \/><\/span>\n<\/p>\n<p><span class=\"wpcf7-form-control-wrap\" data-name=\"your-message\"><textarea cols=\"40\" rows=\"10\" maxlength=\"2000\" class=\"wpcf7-form-control wpcf7-textarea wpcf7-validates-as-required\" aria-required=\"true\" aria-invalid=\"false\" placeholder=\"Mesaj\u0131n\u0131z *\" name=\"your-message\"><\/textarea><\/span>\n<\/p>\n<div class=\"ztl-button-three\">\n\t<p><button type=\"submit\">Mesaj\u0131 G\u00f6nder<\/button>\n\t<\/p>\n<\/div>\n<div class=\"cf7-cf-turnstile\" style=\"margin-top: 0px; margin-bottom: -15px;\"> <div id=\"cf-turnstile-cf7-4169899316\" class=\"cf-turnstile\" data-sitekey=\"0x4AAAAAACAtZcDJUkfQInkD\" data-theme=\"light\" data-language=\"auto\" data-size=\"normal\" data-retry=\"auto\" data-retry-interval=\"1000\" data-refresh-expired=\"auto\" data-refresh-timeout=\"auto\" data-action=\"contact-form-7\" data-callback=\"turnstileCF7Callback\" data-appearance=\"always\"><\/div> <script>document.addEventListener(\"DOMContentLoaded\", function() { setTimeout(function(){ var e=document.getElementById(\"cf-turnstile-cf7-4169899316\"); if(e&&!e.innerHTML.trim()){turnstile.render(e, {sitekey:\"0x4AAAAAACAtZcDJUkfQInkD\"});} }, 200); });<\/script> <br class=\"cf-turnstile-br cf-turnstile-br-cf7-4169899316\"> <style>#cf-turnstile-cf7-4169899316 { margin-left: -15px; }<\/style> <script>document.addEventListener(\"DOMContentLoaded\",function(){document.querySelectorAll('.wpcf7-form').forEach(function(e){e.addEventListener('submit',function(){if(document.getElementById('cf-turnstile-cf7-4169899316')){setTimeout(function(){turnstile.reset('#cf-turnstile-cf7-4169899316');},1000)}})})});<\/script> <\/div><p style=\"display: none !important;\" class=\"akismet-fields-container\" data-prefix=\"_wpcf7_ak_\"><label>&#916;<textarea name=\"_wpcf7_ak_hp_textarea\" cols=\"45\" rows=\"8\" maxlength=\"100\"><\/textarea><\/label><input type=\"hidden\" id=\"ak_js_1\" name=\"_wpcf7_ak_js\" value=\"99\"\/><script>document.getElementById( \"ak_js_1\" ).setAttribute( \"value\", ( new Date() ).getTime() );<\/script><\/p><div class=\"wpcf7-response-output\" aria-hidden=\"true\"><\/div>\n<\/form>\n<\/div>\n[\/vc_column_inner][\/vc_row_inner][vc_empty_space height=&#8221;40px&#8221;][\/vc_column][vc_column width=&#8221;1\/2&#8243;][vc_row_inner][vc_column_inner width=&#8221;1\/2&#8243; css=&#8221;.vc_custom_1492615485494{margin-bottom: 40px !important;}&#8221;][vc_icon color=&#8221;custom&#8221; background_style=&#8221;rounded&#8221; background_color=&#8221;custom&#8221; size=&#8221;ztl-lg&#8221; align=&#8221;center&#8221; icon_flaticon=&#8221;flaticon-school&#8221; custom_color=&#8221;#ffffff&#8221; css=&#8221;.vc_custom_1516104499372{margin-top: 0px !important;margin-right: 0px !important;margin-bottom: 0px !important;margin-left: 0px !important;padding-top: 0px !important;padding-right: 0px !important;padding-bottom: 0px !important;padding-left: 0px !important;}&#8221; custom_background_color=&#8221;#ff8d00&#8243;][vc_empty_space height=&#8221;20px&#8221;]<h5 style=\"color:;line-height:1.3;\" class=\" ztl-accent-font ztl-center ztl-font-normal\">ADRES<\/h5>[vc_empty_space height=&#8221;10px&#8221;][vc_column_text]<\/p>\n<p style=\"text-align: center;\">Elite City Atakent 1C Blok,<br \/>\nHalkal\u0131, K\u00fc\u00e7\u00fck\u00e7ekmece<br \/>\n\u0130stanbul<\/p>\n<p>[\/vc_column_text][\/vc_column_inner][vc_column_inner width=&#8221;1\/2&#8243; css=&#8221;.vc_custom_1492615493786{margin-bottom: 40px !important;}&#8221;][vc_icon type=&#8221;material&#8221; icon_material=&#8221;vc-material vc-material-phone&#8221; color=&#8221;custom&#8221; background_style=&#8221;rounded&#8221; background_color=&#8221;custom&#8221; size=&#8221;ztl-lg&#8221; align=&#8221;center&#8221; custom_color=&#8221;#ffffff&#8221; css=&#8221;.vc_custom_1516104650507{margin-top: 0px !important;margin-right: 0px !important;margin-bottom: 0px !important;margin-left: 0px !important;padding-top: 0px !important;padding-right: 0px !important;padding-bottom: 0px !important;padding-left: 0px !important;}&#8221; custom_background_color=&#8221;#53b6bc&#8221;][vc_empty_space height=&#8221;20px&#8221;]<h5 style=\"color:;line-height:1.3;\" class=\" ztl-accent-font ztl-center ztl-font-normal\">TELEFON - E-POSTA<\/h5>[vc_empty_space height=&#8221;10px&#8221;][vc_column_text]<\/p>\n<p style=\"text-align: center;\">+90 212 924 28 52<br \/>\natakent@vakifcan.com<\/p>\n<p>[\/vc_column_text][\/vc_column_inner][\/vc_row_inner][vc_row_inner][vc_column_inner width=&#8221;1\/2&#8243; css=&#8221;.vc_custom_1492615509840{margin-bottom: 40px !important;}&#8221;][vc_icon color=&#8221;custom&#8221; background_style=&#8221;rounded&#8221; background_color=&#8221;custom&#8221; size=&#8221;ztl-lg&#8221; align=&#8221;center&#8221; icon_flaticon=&#8221;flaticon-teacher-desk&#8221; custom_color=&#8221;#ffffff&#8221; css=&#8221;.vc_custom_1495138667841{margin-top: 0px !important;margin-right: 0px !important;margin-bottom: 0px !important;margin-left: 0px !important;padding-top: 0px !important;padding-right: 0px !important;padding-bottom: 0px !important;padding-left: 0px !important;}&#8221; custom_background_color=&#8221;#53b6bc&#8221;][vc_empty_space height=&#8221;20px&#8221;]<h5 style=\"color:;line-height:1.3;\" class=\" ztl-accent-font ztl-center ztl-font-normal\">\u00c7ALI\u015eMA SAATLER\u0130<\/h5>[vc_empty_space height=&#8221;10px&#8221;][vc_column_text]<\/p>\n<p style=\"text-align: center;\">Pazartesi-Cuma,<br \/>\n8.00 \u2013 17.00<br \/>\nCumartesi\/Pazar Kapal\u0131<\/p>\n<p>[\/vc_column_text][\/vc_column_inner][vc_column_inner width=&#8221;1\/2&#8243; css=&#8221;.vc_custom_1492615518177{margin-bottom: 40px !important;}&#8221;][vc_icon color=&#8221;custom&#8221; background_style=&#8221;rounded&#8221; background_color=&#8221;custom&#8221; size=&#8221;ztl-lg&#8221; align=&#8221;center&#8221; icon_flaticon=&#8221;flaticon-clock-1&#8243; custom_color=&#8221;#ffffff&#8221; css=&#8221;.vc_custom_1495138612770{margin-top: 0px !important;margin-right: 0px !important;margin-bottom: 0px !important;margin-left: 0px !important;padding-top: 0px !important;padding-right: 0px !important;padding-bottom: 0px !important;padding-left: 0px !important;}&#8221; custom_background_color=&#8221;#ff8d00&#8243;][vc_empty_space height=&#8221;20px&#8221;]<h5 style=\"color:;line-height:1.3;\" class=\" ztl-accent-font ztl-center ztl-font-normal\">E\u011e\u0130T\u0130M SAATLER\u0130<\/h5>[vc_empty_space height=&#8221;10px&#8221;][vc_column_text]<\/p>\n<p style=\"text-align: center;\">Pazartesi-Cuma,<br \/>\n8.00 \u2013 17.00<br \/>\nCumartesi\/Pazar Kapal\u0131<\/p>\n<p>[\/vc_column_text][\/vc_column_inner][\/vc_row_inner][\/vc_column][\/vc_row][vc_row][vc_column][vc_empty_space height=&#8221;40px&#8221;][\/vc_column][\/vc_row][vc_row full_width=&#8221;stretch_row_content_no_spaces&#8221;][vc_column css=&#8221;.vc_custom_1492616428682{padding: 0px !important;}&#8221;][\/vc_column][\/vc_row]<\/p>\n","protected":false},"excerpt":{"rendered":"<p>[vc_row css=&#8221;.vc_custom_1435087865321{margin-right: 0px !important;margin-left: 0px !important;}&#8221;][vc_column][vc_empty_space height=&#8221;60px&#8221;][\/vc_column][\/vc_row][vc_row css=&#8221;.vc_custom_1457029699671{margin-top: 10px !important;margin-bottom: 0px !important;}&#8221; el_class=&#8221;ztl-contact-info&#8221;][vc_column width=&#8221;1\/2&#8243;][vc_row_inner el_class=&#8221;ztl-contact-form&#8221;][vc_column_inner][\/vc_column_inner][\/vc_row_inner][vc_empty_space height=&#8221;40px&#8221;][\/vc_column][vc_column width=&#8221;1\/2&#8243;][vc_row_inner][vc_column_inner width=&#8221;1\/2&#8243; css=&#8221;.vc_custom_1492615485494{margin-bottom: 40px !important;}&#8221;][vc_icon color=&#8221;custom&#8221; background_style=&#8221;rounded&#8221; background_color=&#8221;custom&#8221; size=&#8221;ztl-lg&#8221; align=&#8221;center&#8221; icon_flaticon=&#8221;flaticon-school&#8221; custom_color=&#8221;#ffffff&#8221; css=&#8221;.vc_custom_1516104499372{margin-top: 0px !important;margin-right: 0px !important;margin-bottom: 0px !important;margin-left: 0px !important;padding-top: 0px !important;padding-right: 0px !important;padding-bottom: 0px !important;padding-left: 0px !important;}&#8221; custom_background_color=&#8221;#ff8d00&#8243;][vc_empty_space height=&#8221;20px&#8221;][vc_empty_space height=&#8221;10px&#8221;][vc_column_text] Elite City Atakent 1C Blok, Halkal\u0131, K\u00fc\u00e7\u00fck\u00e7ekmece [&hellip;]<\/p>\n","protected":false},"author":1,"featured_media":0,"parent":0,"menu_order":0,"comment_status":"closed","ping_status":"closed","template":"","meta":{"footnotes":""},"class_list":["post-5362","page","type-page","status-publish","hentry"],"aioseo_notices":[],"_links":{"self":[{"href":"https:\/\/www.vakifcan.com\/index.php\/wp-json\/wp\/v2\/pages\/5362","targetHints":{"allow":["GET"]}}],"collection":[{"href":"https:\/\/www.vakifcan.com\/index.php\/wp-json\/wp\/v2\/pages"}],"about":[{"href":"https:\/\/www.vakifcan.com\/index.php\/wp-json\/wp\/v2\/types\/page"}],"author":[{"embeddable":true,"href":"https:\/\/www.vakifcan.com\/index.php\/wp-json\/wp\/v2\/users\/1"}],"replies":[{"embeddable":true,"href":"https:\/\/www.vakifcan.com\/index.php\/wp-json\/wp\/v2\/comments?post=5362"}],"version-history":[{"count":5,"href":"https:\/\/www.vakifcan.com\/index.php\/wp-json\/wp\/v2\/pages\/5362\/revisions"}],"predecessor-version":[{"id":6390,"href":"https:\/\/www.vakifcan.com\/index.php\/wp-json\/wp\/v2\/pages\/5362\/revisions\/6390"}],"wp:attachment":[{"href":"https:\/\/www.vakifcan.com\/index.php\/wp-json\/wp\/v2\/media?parent=5362"}],"curies":[{"name":"wp","href":"https:\/\/api.w.org\/{rel}","templated":true}]}}